{"id":14,"date":"2025-10-20T15:46:00","date_gmt":"2025-10-20T15:46:00","guid":{"rendered":"https:\/\/lebensraum-oberlaa.at\/?page_id=14"},"modified":"2026-04-11T05:59:29","modified_gmt":"2026-04-11T05:59:29","slug":"startseit","status":"publish","type":"page","link":"https:\/\/lebensraum-oberlaa.at\/","title":{"rendered":"Startseite"},"content":{"rendered":"\t\t<div data-elementor-type=\"wp-page\" data-elementor-id=\"14\" class=\"elementor elementor-14\">\n\t\t\t\t<div class=\"elementor-element elementor-element-4d66e1f animated-slow e-flex e-con-boxed elementor-invisible e-con e-parent\" data-id=\"4d66e1f\" data-element_type=\"container\" data-e-type=\"container\" data-settings=\"{&quot;animation&quot;:&quot;slideInUp&quot;,&quot;animation_delay&quot;:100}\">\n\t\t\t\t\t<div class=\"e-con-inner\">\n\t\t\t\t<div class=\"elementor-element elementor-element-4886d1e elementor-widget elementor-widget-image\" data-id=\"4886d1e\" data-element_type=\"widget\" data-e-type=\"widget\" data-widget_type=\"image.default\">\n\t\t\t\t\t\t\t\t\t\t\t\t\t\t\t<img fetchpriority=\"high\" decoding=\"async\" width=\"768\" height=\"576\" src=\"https:\/\/lebensraum-oberlaa.at\/wp-content\/uploads\/2025\/10\/ueberbl-768x576.jpg\" class=\"attachment-medium_large size-medium_large wp-image-36\" alt=\"\" srcset=\"https:\/\/lebensraum-oberlaa.at\/wp-content\/uploads\/2025\/10\/ueberbl-768x576.jpg 768w, https:\/\/lebensraum-oberlaa.at\/wp-content\/uploads\/2025\/10\/ueberbl-300x225.jpg 300w, https:\/\/lebensraum-oberlaa.at\/wp-content\/uploads\/2025\/10\/ueberbl-1024x768.jpg 1024w, https:\/\/lebensraum-oberlaa.at\/wp-content\/uploads\/2025\/10\/ueberbl-1536x1152.jpg 1536w, https:\/\/lebensraum-oberlaa.at\/wp-content\/uploads\/2025\/10\/ueberbl.jpg 2048w\" sizes=\"(max-width: 768px) 100vw, 768px\" \/>\t\t\t\t\t\t\t\t\t\t\t\t\t\t\t<\/div>\n\t\t\t\t\t<\/div>\n\t\t\t\t<\/div>\n\t\t<div class=\"elementor-element elementor-element-a8839f8 animated-slow e-flex e-con-boxed elementor-invisible e-con e-parent\" data-id=\"a8839f8\" data-element_type=\"container\" data-e-type=\"container\" data-settings=\"{&quot;animation&quot;:&quot;slideInUp&quot;,&quot;animation_delay&quot;:400}\">\n\t\t\t\t\t<div class=\"e-con-inner\">\n\t\t\t\t<div class=\"elementor-element elementor-element-6d1b65e elementor-widget elementor-widget-text-editor\" data-id=\"6d1b65e\" data-element_type=\"widget\" data-e-type=\"widget\" data-widget_type=\"text-editor.default\">\n\t\t\t\t\t\t\t\t\t<p>Wir fordern eine UVP f\u00fcr das Projekt Kurbadstr\u00dfe &#8211; Natur, Fitness und Kultur statt Bauwahnsinn.<\/p>\t\t\t\t\t\t\t\t<\/div>\n\t\t\t\t\t<\/div>\n\t\t\t\t<\/div>\n\t\t<div class=\"elementor-element elementor-element-4d5c0c0 animated-slow e-flex e-con-boxed elementor-invisible e-con e-parent\" data-id=\"4d5c0c0\" data-element_type=\"container\" data-e-type=\"container\" data-settings=\"{&quot;animation&quot;:&quot;slideInUp&quot;,&quot;animation_delay&quot;:200}\">\n\t\t\t\t\t<div class=\"e-con-inner\">\n\t\t\t\t<div class=\"elementor-element elementor-element-3f65348 elementor-widget elementor-widget-text-editor\" data-id=\"3f65348\" data-element_type=\"widget\" data-e-type=\"widget\" data-widget_type=\"text-editor.default\">\n\t\t\t\t\t\t\t\t\t<h5>Aktuelles<\/h5><p>Wir fordern eine Umweltvertr\u00e4glichkeitspr\u00fcfung f\u00fcr das Stadtbauprojekt Kurbadstra\u00dfe Oberlaa. Nach unserem Etappensieg auf dem Verwaltungsgericht erl\u00e4uterte Umweltrechtsanwalt Dr. Pyka im Zug unseres Vereinstreffens am 18.11.2025 die juristische Situation. Nat\u00fcrlich stand er auch f\u00fcr Fragen aller Interessierten zur Verf\u00fcgung. <br \/><a href=\"https:\/\/lebensraum-oberlaa.at\/index.php\/unterstuetzer\/\"><strong>Zum Interview mit Dr. Pyka<\/strong><\/a><\/p><p><span class=\"x193iq5w xeuugli x13faqbe x1vvkbs x1xmvt09 x1lliihq x1s928wv xhkezso x1gmr53x x1cpjm7i x1fgarty x1943h6x xudqn12 x3x7a5m x6prxxf xvq8zen xo1l8bm xzsf02u x1yc453h\" dir=\"auto\">Man lese und staune &#8211; das Bezirksblatt &#8222;Mein Bezirk&#8220; spricht Klartext!<br \/><\/span> <a href=\"https:\/\/www.facebook.com\/Lebensraumoberlaa\/posts\/pfbid0yYhgDHA4STVeFyA2iVcx4cmo36PYaKcTbn6ZVy1X2wUQGR1gqW3Gx7wUGzYMkCLyl\"><strong>Link zum Beitrag auf Facebook.<\/strong><\/a><\/p><div dir=\"auto\">UVP Kurbadstra\u00dfe \u2013 erster Erfolg vor dem Verwaltungsgericht Wien<\/div><div dir=\"auto\">Bescheid der MA 37 aufgehoben und &#8222;zur\u00fcck an den Start&#8220; geschickt&#8230;<br \/><strong><a href=\"https:\/\/www.facebook.com\/share\/p\/1HEqBErVss\/?mibextid=wwXIfr\">Link zum Artikel auf Facebook<\/a><\/strong><\/div><details><summary>Aufklappen<\/summary><p>Hier folgen weitere Artikel.<\/p><\/details>\t\t\t\t\t\t\t\t<\/div>\n\t\t\t\t\t<\/div>\n\t\t\t\t<\/div>\n\t\t<div class=\"elementor-element elementor-element-81a8073 animated-slow e-flex e-con-boxed elementor-invisible e-con e-parent\" data-id=\"81a8073\" data-element_type=\"container\" data-e-type=\"container\" data-settings=\"{&quot;animation&quot;:&quot;slideInUp&quot;,&quot;animation_delay&quot;:200}\">\n\t\t\t\t\t<div class=\"e-con-inner\">\n\t\t\t\t<div class=\"elementor-element elementor-element-c8ff05e elementor-widget-divider--view-line elementor-widget elementor-widget-divider\" data-id=\"c8ff05e\" data-element_type=\"widget\" data-e-type=\"widget\" data-widget_type=\"divider.default\">\n\t\t\t\t\t\t\t<div class=\"elementor-divider\">\n\t\t\t<span class=\"elementor-divider-separator\">\n\t\t\t\t\t\t<\/span>\n\t\t<\/div>\n\t\t\t\t\t\t<\/div>\n\t\t\t\t\t<\/div>\n\t\t\t\t<\/div>\n\t\t<div class=\"elementor-element elementor-element-76ece7d animated-slow e-flex e-con-boxed elementor-invisible e-con e-parent\" data-id=\"76ece7d\" data-element_type=\"container\" data-e-type=\"container\" data-settings=\"{&quot;animation&quot;:&quot;slideInUp&quot;,&quot;animation_delay&quot;:400}\">\n\t\t\t\t\t<div class=\"e-con-inner\">\n\t\t<div class=\"elementor-element elementor-element-fa64193 e-con-full e-flex e-con e-child\" data-id=\"fa64193\" data-element_type=\"container\" data-e-type=\"container\">\n\t\t\t\t<div class=\"elementor-element elementor-element-006f37b elementor-widget elementor-widget-text-editor\" data-id=\"006f37b\" data-element_type=\"widget\" data-e-type=\"widget\" data-widget_type=\"text-editor.default\">\n\t\t\t\t\t\t\t\t\t<h5>Veranstaltungen<\/h5><ul><li>jeden 3. Dienstag im Monat um 19:00 findet unser Vereinstreffen im Kronbergers 1100, Oberlaaerstrasse 42 statt<\/li><li>Sa\/So 25.\/26.4.2026 09:00-16:00 LeO Flohmarkt<\/li><\/ul><p><iframe style=\"border: solid 1px #777;\" src=\"https:\/\/calendar.google.com\/calendar\/embed?height=300&amp;wkst=2&amp;ctz=Europe%2FVienna&amp;showPrint=0&amp;showTz=0&amp;showCalendars=0&amp;showTabs=0&amp;src=bTJwNzl2bGkyOWY3ODIzcWVwcG42cTJudXNhYmtkY25AaW1wb3J0LmNhbGVuZGFyLmdvb2dsZS5jb20&amp;color=%23e67c73\" width=\"600\" height=\"240\" frameborder=\"0\" scrolling=\"no\"><\/iframe><\/p>\t\t\t\t\t\t\t\t<\/div>\n\t\t\t\t<\/div>\n\t\t<div class=\"elementor-element elementor-element-9df1079 e-con-full e-flex e-con e-child\" data-id=\"9df1079\" data-element_type=\"container\" data-e-type=\"container\">\n\t\t\t\t<div class=\"elementor-element elementor-element-6037f17 elementor-widget elementor-widget-text-editor\" data-id=\"6037f17\" data-element_type=\"widget\" data-e-type=\"widget\" data-widget_type=\"text-editor.default\">\n\t\t\t\t\t\t\t\t\t<h5>Bodenschutz Rothneusiedl<\/h5>\n<p>Hier folgt ein Artikel \u00fcber den Bodenschutz in Rothneusiedl.<\/p>\t\t\t\t\t\t\t\t<\/div>\n\t\t\t\t<\/div>\n\t\t\t\t\t<\/div>\n\t\t\t\t<\/div>\n\t\t<div class=\"elementor-element elementor-element-fe2b2a1 animated-slow e-flex e-con-boxed elementor-invisible e-con e-parent\" data-id=\"fe2b2a1\" data-element_type=\"container\" data-e-type=\"container\" data-settings=\"{&quot;animation&quot;:&quot;slideInUp&quot;,&quot;animation_delay&quot;:400}\">\n\t\t\t\t\t<div class=\"e-con-inner\">\n\t\t\t\t<div class=\"elementor-element elementor-element-cdba018 animated-slow elementor-widget-divider--view-line elementor-invisible elementor-widget elementor-widget-divider\" data-id=\"cdba018\" data-element_type=\"widget\" data-e-type=\"widget\" data-settings=\"{&quot;_animation&quot;:&quot;slideInUp&quot;,&quot;_animation_delay&quot;:600}\" data-widget_type=\"divider.default\">\n\t\t\t\t\t\t\t<div class=\"elementor-divider\">\n\t\t\t<span class=\"elementor-divider-separator\">\n\t\t\t\t\t\t<\/span>\n\t\t<\/div>\n\t\t\t\t\t\t<\/div>\n\t\t\t\t\t<\/div>\n\t\t\t\t<\/div>\n\t\t<div class=\"elementor-element elementor-element-8058f3f animated-slow e-flex e-con-boxed elementor-invisible e-con e-parent\" data-id=\"8058f3f\" data-element_type=\"container\" data-e-type=\"container\" data-settings=\"{&quot;animation&quot;:&quot;slideInUp&quot;,&quot;animation_delay&quot;:400}\">\n\t\t\t\t\t<div class=\"e-con-inner\">\n\t\t<div class=\"elementor-element elementor-element-6a8bfe3 e-con-full e-flex e-con e-child\" data-id=\"6a8bfe3\" data-element_type=\"container\" data-e-type=\"container\">\n\t\t\t\t<div class=\"elementor-element elementor-element-0a4da49 elementor-widget elementor-widget-text-editor\" data-id=\"0a4da49\" data-element_type=\"widget\" data-e-type=\"widget\" data-widget_type=\"text-editor.default\">\n\t\t\t\t\t\t\t\t\t<h5>Gleich hier um nur 12\u20ac den LeO Kalender 2026 bestellen.<\/h5>\nAuch erh\u00e4ltlich bei\n<ul>\n \t<li>Bezirksmuseum Favoriten, Hansson Zentrum<\/li>\n \t<li>Briefmarken Sammel Verein (BSV) Favoriten, Zur Spinnerin 37<\/li>\n \t<li>Fritzi\u2019s, Unterlaaer Platz 2<\/li>\n \t<li>Grei\u00dflaa, Oberlaaer Platz 4<\/li>\n \t<li>Lederwaren Stransky, Hansson Zentrum<\/li>\n \t<li>Trafik Schaupp, Grund\u00e4ckerg. 38 (neben Billa)<\/li>\n \t<li>Vitality Residenz Am Kurpark (Seniorenresidenz), Fontanastr. 10<\/li>\n<\/ul>\n<img decoding=\"async\" class=\"size-medium wp-image-589 aligncenter\" src=\"https:\/\/lebensraum-oberlaa.at\/wp-content\/uploads\/2025\/11\/6.-Dorfkalender-Titelseite-1-221x300.jpg\" alt=\"\" width=\"221\" height=\"300\" srcset=\"https:\/\/lebensraum-oberlaa.at\/wp-content\/uploads\/2025\/11\/6.-Dorfkalender-Titelseite-1-221x300.jpg 221w, https:\/\/lebensraum-oberlaa.at\/wp-content\/uploads\/2025\/11\/6.-Dorfkalender-Titelseite-1-754x1024.jpg 754w, https:\/\/lebensraum-oberlaa.at\/wp-content\/uploads\/2025\/11\/6.-Dorfkalender-Titelseite-1-768x1042.jpg 768w, https:\/\/lebensraum-oberlaa.at\/wp-content\/uploads\/2025\/11\/6.-Dorfkalender-Titelseite-1-1132x1536.jpg 1132w, https:\/\/lebensraum-oberlaa.at\/wp-content\/uploads\/2025\/11\/6.-Dorfkalender-Titelseite-1.jpg 1156w\" sizes=\"(max-width: 221px) 100vw, 221px\" \/>\n<style>\n    label{\n        color: #192a3d;\n    }\n    .wpcf7-form-control-wrap input, textarea{\n        border-color: #192a3d;\n    }\n     .wpcf7-form-control-wrap input:focus, textarea:focus{\n         border-color: #A6322B;\n     }\n     .wpcf7-submit{\n         background-color: #A6322B;\n     }\n     .wpcf7-response-output{\n         color:#192a3d;\n     }\n     .wpcf7-form-control-wrap input, textarea {\n         color: #A6322B;\n     \n     }\n.wpcf7-submit:hover\n{\n  background-color: #4B7768;\n}\n<\/style>\n\n<div class=\"wpcf7 no-js\" id=\"wpcf7-f234-o1\" lang=\"de-DE\" dir=\"ltr\" data-wpcf7-id=\"234\">\n<div class=\"screen-reader-response\"><p role=\"status\" aria-live=\"polite\" aria-atomic=\"true\"><\/p> <ul><\/ul><\/div>\n<form action=\"\/index.php\/wp-json\/wp\/v2\/pages\/14#wpcf7-f234-o1\" method=\"post\" class=\"wpcf7-form init\" aria-label=\"Kontaktformular\" novalidate=\"novalidate\" data-status=\"init\">\n<fieldset class=\"hidden-fields-container\"><input type=\"hidden\" name=\"_wpcf7\" value=\"234\" \/><input type=\"hidden\" name=\"_wpcf7_version\" value=\"6.1.5\" \/><input type=\"hidden\" name=\"_wpcf7_locale\" value=\"de_DE\" \/><input type=\"hidden\" name=\"_wpcf7_unit_tag\" value=\"wpcf7-f234-o1\" \/><input type=\"hidden\" name=\"_wpcf7_container_post\" value=\"0\" \/><input type=\"hidden\" name=\"_wpcf7_posted_data_hash\" value=\"\" \/>\n<\/fieldset>\n<div class=\"wpcf7-turnstile cf-turnstile\" data-sitekey=\"0x4AAAAAAB7ztID8flLGYDXA\" data-response-field-name=\"_wpcf7_turnstile_response\"><\/div>\n\n<p><label> Dein Name<br \/>\n<span class=\"wpcf7-form-control-wrap\" data-name=\"your-name\"><input size=\"40\" maxlength=\"400\" class=\"wpcf7-form-control wpcf7-text wpcf7-validates-as-required\" autocomplete=\"name\" aria-required=\"true\" aria-invalid=\"false\" value=\"\" type=\"text\" name=\"your-name\" \/><\/span> <\/label>\n<\/p>\n<p><label> Deine E-Mail-Adresse<br \/>\n<span class=\"wpcf7-form-control-wrap\" data-name=\"your-email\"><input size=\"40\" maxlength=\"400\" class=\"wpcf7-form-control wpcf7-email wpcf7-validates-as-required wpcf7-text wpcf7-validates-as-email\" autocomplete=\"email\" aria-required=\"true\" aria-invalid=\"false\" value=\"\" type=\"email\" name=\"your-email\" \/><\/span> <\/label>\n<\/p>\n<p><label> Betreff<br \/>\n<span class=\"wpcf7-form-control-wrap\" data-name=\"your-subject\"><input size=\"40\" maxlength=\"400\" class=\"wpcf7-form-control wpcf7-text wpcf7-validates-as-required\" aria-required=\"true\" aria-invalid=\"false\" value=\"\" type=\"text\" name=\"your-subject\" \/><\/span> <\/label>\n<\/p>\n<p><label> Deine Nachricht (optional)<br \/>\n<span class=\"wpcf7-form-control-wrap\" data-name=\"your-message\"><textarea cols=\"40\" rows=\"10\" maxlength=\"2000\" class=\"wpcf7-form-control wpcf7-textarea\" aria-invalid=\"false\" name=\"your-message\"><\/textarea><\/span> <\/label>\n<\/p>\n<p><input class=\"wpcf7-form-control wpcf7-submit has-spinner\" type=\"submit\" value=\"Senden\" \/>\n<\/p><input type='hidden' class='wpcf7-pum' value='{\"closepopup\":false,\"closedelay\":0,\"openpopup\":false,\"openpopup_id\":0}' \/><div class=\"wpcf7-response-output\" aria-hidden=\"true\"><\/div>\n<\/form>\n<\/div>\n\t\t\t\t\t\t\t\t<\/div>\n\t\t\t\t<\/div>\n\t\t<div class=\"elementor-element elementor-element-e7365b6 e-con-full e-flex e-con e-child\" data-id=\"e7365b6\" data-element_type=\"container\" data-e-type=\"container\">\n\t\t\t\t<div class=\"elementor-element elementor-element-34b3d30 elementor-widget elementor-widget-text-editor\" data-id=\"34b3d30\" data-element_type=\"widget\" data-e-type=\"widget\" data-widget_type=\"text-editor.default\">\n\t\t\t\t\t\t\t\t\t<h5>Brosch\u00fcre:&#8220;Hausheilige in Oberlaa, Unterlaa, Rothneusiedl&#8220;<\/h5><figure id=\"attachment_551\" aria-describedby=\"caption-attachment-551\" style=\"width: 371px\" class=\"wp-caption aligncenter\"><img decoding=\"async\" class=\"wp-image-551\" src=\"https:\/\/lebensraum-oberlaa.at\/wp-content\/uploads\/2025\/11\/Lebensraum-Oberlaa-Hausheilige-722x1024.jpg\" alt=\"\" width=\"371\" height=\"526\" srcset=\"https:\/\/lebensraum-oberlaa.at\/wp-content\/uploads\/2025\/11\/Lebensraum-Oberlaa-Hausheilige-722x1024.jpg 722w, https:\/\/lebensraum-oberlaa.at\/wp-content\/uploads\/2025\/11\/Lebensraum-Oberlaa-Hausheilige-212x300.jpg 212w, https:\/\/lebensraum-oberlaa.at\/wp-content\/uploads\/2025\/11\/Lebensraum-Oberlaa-Hausheilige-768x1089.jpg 768w, https:\/\/lebensraum-oberlaa.at\/wp-content\/uploads\/2025\/11\/Lebensraum-Oberlaa-Hausheilige-1083x1536.jpg 1083w, https:\/\/lebensraum-oberlaa.at\/wp-content\/uploads\/2025\/11\/Lebensraum-Oberlaa-Hausheilige.jpg 1200w\" sizes=\"(max-width: 371px) 100vw, 371px\" \/><figcaption id=\"caption-attachment-551\" class=\"wp-caption-text\">Bestellen sie gleich die Brosch\u00fcre um nur 5 \u20ac mit dem LeO Kalender 2026. Sie ist auch bei verschiedenen Veranstaltungen k\u00e4uflich zu erwerben.<\/figcaption><\/figure>\t\t\t\t\t\t\t\t<\/div>\n\t\t\t\t<\/div>\n\t\t\t\t\t<\/div>\n\t\t\t\t<\/div>\n\t\t<div class=\"elementor-element elementor-element-27d1214 animated-slow e-flex e-con-boxed elementor-invisible e-con e-parent\" data-id=\"27d1214\" data-element_type=\"container\" data-e-type=\"container\" data-settings=\"{&quot;animation&quot;:&quot;slideInUp&quot;,&quot;animation_delay&quot;:400}\">\n\t\t\t\t\t<div class=\"e-con-inner\">\n\t\t<div class=\"elementor-element elementor-element-c14f80c e-con-full e-flex e-con e-child\" data-id=\"c14f80c\" data-element_type=\"container\" data-e-type=\"container\">\n\t\t\t\t<div class=\"elementor-element elementor-element-58318a9 elementor-widget elementor-widget-image\" data-id=\"58318a9\" data-element_type=\"widget\" data-e-type=\"widget\" data-widget_type=\"image.default\">\n\t\t\t\t\t\t\t\t\t\t\t\t<figure class=\"wp-caption\">\n\t\t\t\t\t\t\t\t\t\t\t<a href=\"https:\/\/lebensraum-oberlaa.at\/wp-content\/uploads\/2025\/10\/wleo-maskottchen.jpg\" data-elementor-open-lightbox=\"yes\" data-elementor-lightbox-title=\"leo-maskottchen\" data-e-action-hash=\"#elementor-action%3Aaction%3Dlightbox%26settings%3DeyJpZCI6NDgsInVybCI6Imh0dHBzOlwvXC9sZWJlbnNyYXVtLW9iZXJsYWEuYXRcL3dwLWNvbnRlbnRcL3VwbG9hZHNcLzIwMjVcLzEwXC93bGVvLW1hc2tvdHRjaGVuLmpwZyJ9\">\n\t\t\t\t\t\t\t<img loading=\"lazy\" decoding=\"async\" width=\"274\" height=\"300\" src=\"https:\/\/lebensraum-oberlaa.at\/wp-content\/uploads\/2025\/10\/wleo-maskottchen-274x300.jpg\" class=\"attachment-medium size-medium wp-image-48\" alt=\"\" srcset=\"https:\/\/lebensraum-oberlaa.at\/wp-content\/uploads\/2025\/10\/wleo-maskottchen-274x300.jpg 274w, https:\/\/lebensraum-oberlaa.at\/wp-content\/uploads\/2025\/10\/wleo-maskottchen-768x840.jpg 768w, https:\/\/lebensraum-oberlaa.at\/wp-content\/uploads\/2025\/10\/wleo-maskottchen.jpg 914w\" sizes=\"(max-width: 274px) 100vw, 274px\" \/>\t\t\t\t\t\t\t\t<\/a>\n\t\t\t\t\t\t\t\t\t\t\t<figcaption class=\"widget-image-caption wp-caption-text\">Unser Maskottchen der LeO, k\u00e4uflich erh\u00e4ltlich bei vielen Veranstaltungen.<\/figcaption>\n\t\t\t\t\t\t\t\t\t\t<\/figure>\n\t\t\t\t\t\t\t\t\t<\/div>\n\t\t\t\t<\/div>\n\t\t<div class=\"elementor-element elementor-element-fdf0c8c e-con-full e-flex e-con e-child\" data-id=\"fdf0c8c\" data-element_type=\"container\" data-e-type=\"container\">\n\t\t\t\t<div class=\"elementor-element elementor-element-ea5b74b elementor-widget elementor-widget-image\" data-id=\"ea5b74b\" data-element_type=\"widget\" data-e-type=\"widget\" data-widget_type=\"image.default\">\n\t\t\t\t\t\t\t\t\t\t\t\t<figure class=\"wp-caption\">\n\t\t\t\t\t\t\t\t\t\t\t<a href=\"https:\/\/lebensraum-oberlaa.at\/wp-content\/uploads\/2025\/10\/unterstuetzung.jpg\" data-elementor-open-lightbox=\"yes\" data-elementor-lightbox-title=\"unterstuetzung\" data-e-action-hash=\"#elementor-action%3Aaction%3Dlightbox%26settings%3DeyJpZCI6NDksInVybCI6Imh0dHBzOlwvXC9sZWJlbnNyYXVtLW9iZXJsYWEuYXRcL3dwLWNvbnRlbnRcL3VwbG9hZHNcLzIwMjVcLzEwXC91bnRlcnN0dWV0enVuZy5qcGcifQ%3D%3D\">\n\t\t\t\t\t\t\t<img loading=\"lazy\" decoding=\"async\" width=\"361\" height=\"250\" src=\"https:\/\/lebensraum-oberlaa.at\/wp-content\/uploads\/2025\/10\/unterstuetzung.jpg\" class=\"attachment-large size-large wp-image-49\" alt=\"\" srcset=\"https:\/\/lebensraum-oberlaa.at\/wp-content\/uploads\/2025\/10\/unterstuetzung.jpg 361w, https:\/\/lebensraum-oberlaa.at\/wp-content\/uploads\/2025\/10\/unterstuetzung-300x208.jpg 300w\" sizes=\"(max-width: 361px) 100vw, 361px\" \/>\t\t\t\t\t\t\t\t<\/a>\n\t\t\t\t\t\t\t\t\t\t\t<figcaption class=\"widget-image-caption wp-caption-text\">Mit Ihrer Spende unterst\u00fctzen sie unseren Kampf f\u00fcr eine UVP am Kurpark und den Erhalt des Lebensraum Oberlaa.<\/figcaption>\n\t\t\t\t\t\t\t\t\t\t<\/figure>\n\t\t\t\t\t\t\t\t\t<\/div>\n\t\t\t\t<\/div>\n\t\t\t\t\t<\/div>\n\t\t\t\t<\/div>\n\t\t\t\t<\/div>\n\t\t","protected":false},"excerpt":{"rendered":"<p>Wir fordern eine UVP f\u00fcr das Projekt Kurbadstr\u00dfe &#8211; Natur, Fitness und Kultur statt Bauwahnsinn. Aktuelles Wir fordern eine Umweltvertr\u00e4glichkeitspr\u00fcfung f\u00fcr das Stadtbauprojekt Kurbadstra\u00dfe Oberlaa. Nach unserem Etappensieg auf dem Verwaltungsgericht erl\u00e4uterte Umweltrechtsanwalt Dr. Pyka im Zug unseres Vereinstreffens am 18.11.2025 die juristische Situation. Nat\u00fcrlich stand er auch f\u00fcr Fragen aller Interessierten zur Verf\u00fcgung. Zum [&hellip;]<\/p>\n","protected":false},"author":1,"featured_media":0,"parent":0,"menu_order":0,"comment_status":"closed","ping_status":"closed","template":"","meta":{"footnotes":""},"class_list":["post-14","page","type-page","status-publish","hentry"],"blocksy_meta":{"has_hero_section":"disabled","styles_descriptor":{"styles":{"desktop":"","tablet":"","mobile":""},"google_fonts":[],"version":6}},"_links":{"self":[{"href":"https:\/\/lebensraum-oberlaa.at\/index.php\/wp-json\/wp\/v2\/pages\/14","targetHints":{"allow":["GET"]}}],"collection":[{"href":"https:\/\/lebensraum-oberlaa.at\/index.php\/wp-json\/wp\/v2\/pages"}],"about":[{"href":"https:\/\/lebensraum-oberlaa.at\/index.php\/wp-json\/wp\/v2\/types\/page"}],"author":[{"embeddable":true,"href":"https:\/\/lebensraum-oberlaa.at\/index.php\/wp-json\/wp\/v2\/users\/1"}],"replies":[{"embeddable":true,"href":"https:\/\/lebensraum-oberlaa.at\/index.php\/wp-json\/wp\/v2\/comments?post=14"}],"version-history":[{"count":303,"href":"https:\/\/lebensraum-oberlaa.at\/index.php\/wp-json\/wp\/v2\/pages\/14\/revisions"}],"predecessor-version":[{"id":861,"href":"https:\/\/lebensraum-oberlaa.at\/index.php\/wp-json\/wp\/v2\/pages\/14\/revisions\/861"}],"wp:attachment":[{"href":"https:\/\/lebensraum-oberlaa.at\/index.php\/wp-json\/wp\/v2\/media?parent=14"}],"curies":[{"name":"wp","href":"https:\/\/api.w.org\/{rel}","templated":true}]}}