{"id":75,"date":"2025-10-20T18:16:09","date_gmt":"2025-10-20T18:16:09","guid":{"rendered":"https:\/\/lebensraum-oberlaa.at\/?page_id=75"},"modified":"2025-10-21T06:31:54","modified_gmt":"2025-10-21T06:31:54","slug":"oberlaa","status":"publish","type":"page","link":"https:\/\/lebensraum-oberlaa.at\/index.php\/oberlaa\/","title":{"rendered":"Oberlaa"},"content":{"rendered":"\t\t<div data-elementor-type=\"wp-page\" data-elementor-id=\"75\" class=\"elementor elementor-75\">\n\t\t\t\t<div class=\"elementor-element elementor-element-7ef464e animated-slow e-flex e-con-boxed elementor-invisible e-con e-parent\" data-id=\"7ef464e\" data-element_type=\"container\" data-e-type=\"container\" data-settings=\"{&quot;animation&quot;:&quot;slideInUp&quot;,&quot;animation_delay&quot;:200}\">\n\t\t\t\t\t<div class=\"e-con-inner\">\n\t\t\t\t<div class=\"elementor-element elementor-element-3bfbd1a elementor-widget elementor-widget-text-editor\" data-id=\"3bfbd1a\" data-element_type=\"widget\" data-e-type=\"widget\" data-widget_type=\"text-editor.default\">\n\t\t\t\t\t\t\t\t\t<h6>Oberlaa<\/h6><p>Das Dorf in der Stadt&#8230;<\/p><p>Festtage und Feiern sind f\u00fcr ein gemeinschaftliches Zusammenleben von gro\u00dfer Bedeutung. Beispiele hierf\u00fcr sind die Fronleichnamsprozession, die durch Oberlaa und Unterlaa f\u00fchrt oder das Erntedankfest jedes Jahr im Herbst.<\/p><p>Neben kirchlichen Feiern finden j\u00e4hrlich weitere kulturelle Veranstaltungen und Feste statt, die zum Teil auch von den ortsans\u00e4ssigen Weinbauern organisiert werden.<\/p><p>\u00a0<\/p>\t\t\t\t\t\t\t\t<\/div>\n\t\t\t\t\t<\/div>\n\t\t\t\t<\/div>\n\t\t<div class=\"elementor-element elementor-element-0d08e05 animated-slow e-flex e-con-boxed elementor-invisible e-con e-parent\" data-id=\"0d08e05\" data-element_type=\"container\" data-e-type=\"container\" data-settings=\"{&quot;animation&quot;:&quot;slideInUp&quot;,&quot;animation_delay&quot;:400}\">\n\t\t\t\t\t<div class=\"e-con-inner\">\n\t\t<div class=\"elementor-element elementor-element-e5b7b4b e-con-full e-flex e-con e-child\" data-id=\"e5b7b4b\" data-element_type=\"container\" data-e-type=\"container\">\n\t\t\t\t<div class=\"elementor-element elementor-element-15df37e elementor-widget elementor-widget-image\" data-id=\"15df37e\" data-element_type=\"widget\" data-e-type=\"widget\" data-widget_type=\"image.default\">\n\t\t\t\t\t\t\t\t\t\t\t\t<figure class=\"wp-caption\">\n\t\t\t\t\t\t\t\t\t\t<img fetchpriority=\"high\" decoding=\"async\" width=\"1024\" height=\"682\" src=\"https:\/\/lebensraum-oberlaa.at\/wp-content\/uploads\/2025\/10\/rettet-oberlaa-erntedankkrone-1024x682.png\" class=\"attachment-large size-large wp-image-77\" alt=\"\" srcset=\"https:\/\/lebensraum-oberlaa.at\/wp-content\/uploads\/2025\/10\/rettet-oberlaa-erntedankkrone-1024x682.png 1024w, https:\/\/lebensraum-oberlaa.at\/wp-content\/uploads\/2025\/10\/rettet-oberlaa-erntedankkrone-300x200.png 300w, https:\/\/lebensraum-oberlaa.at\/wp-content\/uploads\/2025\/10\/rettet-oberlaa-erntedankkrone-768x512.png 768w, https:\/\/lebensraum-oberlaa.at\/wp-content\/uploads\/2025\/10\/rettet-oberlaa-erntedankkrone.png 1055w\" sizes=\"(max-width: 1024px) 100vw, 1024px\" \/>\t\t\t\t\t\t\t\t\t\t\t<figcaption class=\"widget-image-caption wp-caption-text\">Erntedankfest, Umzug mit kunstvoll gestalteter Erntekrone<\/figcaption>\n\t\t\t\t\t\t\t\t\t\t<\/figure>\n\t\t\t\t\t\t\t\t\t<\/div>\n\t\t\t\t<\/div>\n\t\t<div class=\"elementor-element elementor-element-8770dcb e-con-full e-flex e-con e-child\" data-id=\"8770dcb\" data-element_type=\"container\" data-e-type=\"container\">\n\t\t\t\t<div class=\"elementor-element elementor-element-5b1c11a elementor-widget elementor-widget-image\" data-id=\"5b1c11a\" data-element_type=\"widget\" data-e-type=\"widget\" data-widget_type=\"image.default\">\n\t\t\t\t\t\t\t\t\t\t\t\t<figure class=\"wp-caption\">\n\t\t\t\t\t\t\t\t\t\t<img decoding=\"async\" width=\"736\" height=\"490\" src=\"https:\/\/lebensraum-oberlaa.at\/wp-content\/uploads\/2025\/10\/rettet-oberlaa-fronleichnahm-mvo.png\" class=\"attachment-large size-large wp-image-78\" alt=\"\" srcset=\"https:\/\/lebensraum-oberlaa.at\/wp-content\/uploads\/2025\/10\/rettet-oberlaa-fronleichnahm-mvo.png 736w, https:\/\/lebensraum-oberlaa.at\/wp-content\/uploads\/2025\/10\/rettet-oberlaa-fronleichnahm-mvo-300x200.png 300w\" sizes=\"(max-width: 736px) 100vw, 736px\" \/>\t\t\t\t\t\t\t\t\t\t\t<figcaption class=\"widget-image-caption wp-caption-text\">Erntedankfest, Umzug<\/figcaption>\n\t\t\t\t\t\t\t\t\t\t<\/figure>\n\t\t\t\t\t\t\t\t\t<\/div>\n\t\t\t\t<\/div>\n\t\t\t\t\t<\/div>\n\t\t\t\t<\/div>\n\t\t\t\t<\/div>\n\t\t","protected":false},"excerpt":{"rendered":"<p>Oberlaa Das Dorf in der Stadt&#8230; Festtage und Feiern sind f\u00fcr ein gemeinschaftliches Zusammenleben von gro\u00dfer Bedeutung. Beispiele hierf\u00fcr sind die Fronleichnamsprozession, die durch Oberlaa und Unterlaa f\u00fchrt oder das Erntedankfest jedes Jahr im Herbst. Neben kirchlichen Feiern finden j\u00e4hrlich weitere kulturelle Veranstaltungen und Feste statt, die zum Teil auch von den ortsans\u00e4ssigen Weinbauern organisiert [&hellip;]<\/p>\n","protected":false},"author":1,"featured_media":0,"parent":0,"menu_order":0,"comment_status":"closed","ping_status":"closed","template":"","meta":{"footnotes":""},"class_list":["post-75","page","type-page","status-publish","hentry"],"blocksy_meta":[],"_links":{"self":[{"href":"https:\/\/lebensraum-oberlaa.at\/index.php\/wp-json\/wp\/v2\/pages\/75","targetHints":{"allow":["GET"]}}],"collection":[{"href":"https:\/\/lebensraum-oberlaa.at\/index.php\/wp-json\/wp\/v2\/pages"}],"about":[{"href":"https:\/\/lebensraum-oberlaa.at\/index.php\/wp-json\/wp\/v2\/types\/page"}],"author":[{"embeddable":true,"href":"https:\/\/lebensraum-oberlaa.at\/index.php\/wp-json\/wp\/v2\/users\/1"}],"replies":[{"embeddable":true,"href":"https:\/\/lebensraum-oberlaa.at\/index.php\/wp-json\/wp\/v2\/comments?post=75"}],"version-history":[{"count":7,"href":"https:\/\/lebensraum-oberlaa.at\/index.php\/wp-json\/wp\/v2\/pages\/75\/revisions"}],"predecessor-version":[{"id":284,"href":"https:\/\/lebensraum-oberlaa.at\/index.php\/wp-json\/wp\/v2\/pages\/75\/revisions\/284"}],"wp:attachment":[{"href":"https:\/\/lebensraum-oberlaa.at\/index.php\/wp-json\/wp\/v2\/media?parent=75"}],"curies":[{"name":"wp","href":"https:\/\/api.w.org\/{rel}","templated":true}]}}