{"id":85,"date":"2025-10-20T18:24:10","date_gmt":"2025-10-20T18:24:10","guid":{"rendered":"https:\/\/lebensraum-oberlaa.at\/?page_id=85"},"modified":"2025-12-19T08:17:11","modified_gmt":"2025-12-19T08:17:11","slug":"soll-es-so-weiter-gehen","status":"publish","type":"page","link":"https:\/\/lebensraum-oberlaa.at\/index.php\/soll-es-so-weiter-gehen\/","title":{"rendered":"Soll es so weiter gehen?"},"content":{"rendered":"\t\t<div data-elementor-type=\"wp-page\" data-elementor-id=\"85\" class=\"elementor elementor-85\">\n\t\t\t\t<div class=\"elementor-element elementor-element-a6930f9 animated-slow e-flex e-con-boxed elementor-invisible e-con e-parent\" data-id=\"a6930f9\" data-element_type=\"container\" data-e-type=\"container\" data-settings=\"{&quot;animation&quot;:&quot;slideInUp&quot;,&quot;animation_delay&quot;:200}\">\n\t\t\t\t\t<div class=\"e-con-inner\">\n\t\t<div class=\"elementor-element elementor-element-0231c47 e-con-full e-flex e-con e-child\" data-id=\"0231c47\" data-element_type=\"container\" data-e-type=\"container\">\n\t\t\t\t<div class=\"elementor-element elementor-element-4895539 elementor-widget elementor-widget-text-editor\" data-id=\"4895539\" data-element_type=\"widget\" data-e-type=\"widget\" data-widget_type=\"text-editor.default\">\n\t\t\t\t\t\t\t\t\t<h4>Soll es so weiter gehen?<\/h4><p>Seit der Verl\u00e4ngerung der U1 nach Oberlaa gibt es Stadtentwicklungspl\u00e4ne, mit denen das gesamte Gebiet rund um das immer noch d\u00f6rflich gepr\u00e4gte Oberlaa radikal ver\u00e4ndert werden soll. Felder, Wiesen und sogar als Parklandschaft gewidmete Fl\u00e4chen sollen verbaut werden, direkt am Kurpark sollen in Zukunft Wohnt\u00fcrme stehen. Wollen wir das? Wollen wir, dass das selbst von der Stadt oft gepriesene Naherholungsgebiet f\u00fcr Alt und Jung f\u00fcr immer verschwindet?<\/p><p>Wir fordern eine Stadtentwicklung mit den Menschen und f\u00fcr die Menschen!<\/p><p>\u00b7 die Erarbeitung eines Entwicklungskonzepts f\u00fcr den gesamten S\u00fcden Favoritens \u2013 und keine einzelnen Bauprojekte, die in Summe den Charakter der l\u00e4ndlich gepr\u00e4gten Landschaft f\u00fcr immer zerst\u00f6ren<\/p><p>\u00b7 in Voraussicht auf das umfassende Wohnbauprojekt in Rothneusiedl, das die Gr\u00f6\u00dfe einer zweiten Seestadt annehmen soll: den Stopp der Umwidmung von Gr\u00fcnland zu Bauland \u00f6stlich der Himbergerstra\u00dfe und die Einrichtung eines Landschaftsschutzgebietes zur Erhaltung des l\u00e4ndlichen Raums und wichtigen Naherholungsgebietes f\u00fcr alle Wienerinnen und Wiener<\/p><p>\u00b7 keine Errichtung zus\u00e4tzlicher Wohnhausanlagen beim S\u00fcdeingang des Kurparks<\/p><p>\u00b7 stattdessen die Entwicklung von alternativen, dem Kurpark angemessene Nutzungen, wie z.B. eine Parkerweiterung oder die Einrichtung eines \u00c4rzte- und Rehazentrums<\/p><p>\u00b7 keine Errichtung von T\u00fcrmen an der Kuhtrift sowie die Einhaltung einer max. Bauh\u00f6he von 20 Metern, die dem Kurpark und Oberlaa mit seiner Schutzzone gerecht wird<\/p><p>\u00b7 die Miteinbeziehung der Bev\u00f6lkerung in zuk\u00fcnftige Planungen, damit nicht weiter \u00fcber unsere K\u00f6pfe hinweg entschieden und geplant wird.<\/p>\t\t\t\t\t\t\t\t<\/div>\n\t\t\t\t<\/div>\n\t\t<div class=\"elementor-element elementor-element-8d93114 e-con-full e-flex e-con e-child\" data-id=\"8d93114\" data-element_type=\"container\" data-e-type=\"container\">\n\t\t\t\t<div class=\"elementor-element elementor-element-0271dfa elementor-widget elementor-widget-image\" data-id=\"0271dfa\" data-element_type=\"widget\" data-e-type=\"widget\" data-widget_type=\"image.default\">\n\t\t\t\t\t\t\t\t\t\t\t\t\t\t\t<img fetchpriority=\"high\" decoding=\"async\" width=\"1024\" height=\"768\" src=\"https:\/\/lebensraum-oberlaa.at\/wp-content\/uploads\/2025\/10\/rettet-oberlaa-soll-es-so-1024x768.jpg\" class=\"attachment-large size-large wp-image-93\" alt=\"\" srcset=\"https:\/\/lebensraum-oberlaa.at\/wp-content\/uploads\/2025\/10\/rettet-oberlaa-soll-es-so-1024x768.jpg 1024w, https:\/\/lebensraum-oberlaa.at\/wp-content\/uploads\/2025\/10\/rettet-oberlaa-soll-es-so-300x225.jpg 300w, https:\/\/lebensraum-oberlaa.at\/wp-content\/uploads\/2025\/10\/rettet-oberlaa-soll-es-so-768x576.jpg 768w, https:\/\/lebensraum-oberlaa.at\/wp-content\/uploads\/2025\/10\/rettet-oberlaa-soll-es-so-1536x1152.jpg 1536w, https:\/\/lebensraum-oberlaa.at\/wp-content\/uploads\/2025\/10\/rettet-oberlaa-soll-es-so.jpg 1600w\" sizes=\"(max-width: 1024px) 100vw, 1024px\" \/>\t\t\t\t\t\t\t\t\t\t\t\t\t\t\t<\/div>\n\t\t\t\t<\/div>\n\t\t\t\t\t<\/div>\n\t\t\t\t<\/div>\n\t\t<div class=\"elementor-element elementor-element-541a46c animated-slow e-flex e-con-boxed elementor-invisible e-con e-parent\" data-id=\"541a46c\" data-element_type=\"container\" data-e-type=\"container\" data-settings=\"{&quot;animation&quot;:&quot;slideInUp&quot;,&quot;animation_delay&quot;:200}\">\n\t\t\t\t\t<div class=\"e-con-inner\">\n\t\t<div class=\"elementor-element elementor-element-ac3a0be e-con-full e-flex e-con e-child\" data-id=\"ac3a0be\" data-element_type=\"container\" data-e-type=\"container\">\n\t\t\t\t<div class=\"elementor-element elementor-element-24bdce0 elementor-widget elementor-widget-image\" data-id=\"24bdce0\" data-element_type=\"widget\" data-e-type=\"widget\" data-widget_type=\"image.default\">\n\t\t\t\t\t\t\t\t\t\t\t\t<figure class=\"wp-caption\">\n\t\t\t\t\t\t\t\t\t\t\t<a href=\"https:\/\/lebensraum-oberlaa.at\/wp-content\/uploads\/2025\/11\/Moegliche-Verbauung.png\" data-elementor-open-lightbox=\"yes\" data-elementor-lightbox-title=\"M\u00f6gliche Verbauung\" data-e-action-hash=\"#elementor-action%3Aaction%3Dlightbox%26settings%3DeyJpZCI6NDQ0LCJ1cmwiOiJodHRwczpcL1wvbGViZW5zcmF1bS1vYmVybGFhLmF0XC93cC1jb250ZW50XC91cGxvYWRzXC8yMDI1XC8xMVwvTW9lZ2xpY2hlLVZlcmJhdXVuZy5wbmcifQ%3D%3D\">\n\t\t\t\t\t\t\t<img decoding=\"async\" width=\"1024\" height=\"497\" src=\"https:\/\/lebensraum-oberlaa.at\/wp-content\/uploads\/2025\/11\/Moegliche-Verbauung-1024x497.png\" class=\"attachment-large size-large wp-image-444\" alt=\"\" srcset=\"https:\/\/lebensraum-oberlaa.at\/wp-content\/uploads\/2025\/11\/Moegliche-Verbauung-1024x497.png 1024w, https:\/\/lebensraum-oberlaa.at\/wp-content\/uploads\/2025\/11\/Moegliche-Verbauung-300x146.png 300w, https:\/\/lebensraum-oberlaa.at\/wp-content\/uploads\/2025\/11\/Moegliche-Verbauung-768x373.png 768w, https:\/\/lebensraum-oberlaa.at\/wp-content\/uploads\/2025\/11\/Moegliche-Verbauung-1536x746.png 1536w, https:\/\/lebensraum-oberlaa.at\/wp-content\/uploads\/2025\/11\/Moegliche-Verbauung.png 2048w\" sizes=\"(max-width: 1024px) 100vw, 1024px\" \/>\t\t\t\t\t\t\t\t<\/a>\n\t\t\t\t\t\t\t\t\t\t\t<figcaption class=\"widget-image-caption wp-caption-text\">So k\u00f6nnte die geplante Verbauung aussehen!<\/figcaption>\n\t\t\t\t\t\t\t\t\t\t<\/figure>\n\t\t\t\t\t\t\t\t\t<\/div>\n\t\t\t\t<\/div>\n\t\t<div class=\"elementor-element elementor-element-79ba5cd e-con-full e-flex e-con e-child\" data-id=\"79ba5cd\" data-element_type=\"container\" data-e-type=\"container\">\n\t\t\t\t<div class=\"elementor-element elementor-element-e0d0460 elementor-widget elementor-widget-image\" data-id=\"e0d0460\" data-element_type=\"widget\" data-e-type=\"widget\" data-widget_type=\"image.default\">\n\t\t\t\t\t\t\t\t\t\t\t\t<figure class=\"wp-caption\">\n\t\t\t\t\t\t\t\t\t\t\t<a href=\"https:\/\/lebensraum-oberlaa.at\/wp-content\/uploads\/2025\/11\/Moegliche-Verbauung-oben.png\" data-elementor-open-lightbox=\"yes\" data-elementor-lightbox-title=\"M\u00f6gliche Verbauung oben\" data-e-action-hash=\"#elementor-action%3Aaction%3Dlightbox%26settings%3DeyJpZCI6NDQ1LCJ1cmwiOiJodHRwczpcL1wvbGViZW5zcmF1bS1vYmVybGFhLmF0XC93cC1jb250ZW50XC91cGxvYWRzXC8yMDI1XC8xMVwvTW9lZ2xpY2hlLVZlcmJhdXVuZy1vYmVuLnBuZyJ9\">\n\t\t\t\t\t\t\t<img decoding=\"async\" width=\"1024\" height=\"500\" src=\"https:\/\/lebensraum-oberlaa.at\/wp-content\/uploads\/2025\/11\/Moegliche-Verbauung-oben-1024x500.png\" class=\"attachment-large size-large wp-image-445\" alt=\"\" srcset=\"https:\/\/lebensraum-oberlaa.at\/wp-content\/uploads\/2025\/11\/Moegliche-Verbauung-oben-1024x500.png 1024w, https:\/\/lebensraum-oberlaa.at\/wp-content\/uploads\/2025\/11\/Moegliche-Verbauung-oben-300x147.png 300w, https:\/\/lebensraum-oberlaa.at\/wp-content\/uploads\/2025\/11\/Moegliche-Verbauung-oben-768x375.png 768w, https:\/\/lebensraum-oberlaa.at\/wp-content\/uploads\/2025\/11\/Moegliche-Verbauung-oben-1536x750.png 1536w, https:\/\/lebensraum-oberlaa.at\/wp-content\/uploads\/2025\/11\/Moegliche-Verbauung-oben.png 1754w\" sizes=\"(max-width: 1024px) 100vw, 1024px\" \/>\t\t\t\t\t\t\t\t<\/a>\n\t\t\t\t\t\t\t\t\t\t\t<figcaption class=\"widget-image-caption wp-caption-text\">Nochmal die m\u00f6gliche Verbauung von oben betrachtet!<\/figcaption>\n\t\t\t\t\t\t\t\t\t\t<\/figure>\n\t\t\t\t\t\t\t\t\t<\/div>\n\t\t\t\t<\/div>\n\t\t\t\t\t<\/div>\n\t\t\t\t<\/div>\n\t\t<div class=\"elementor-element elementor-element-c4604a8 e-flex e-con-boxed e-con e-parent\" data-id=\"c4604a8\" data-element_type=\"container\" data-e-type=\"container\">\n\t\t\t\t\t<div class=\"e-con-inner\">\n\t\t\t\t<div class=\"elementor-element elementor-element-69968dc elementor-widget-divider--view-line elementor-widget elementor-widget-divider\" data-id=\"69968dc\" data-element_type=\"widget\" data-e-type=\"widget\" data-widget_type=\"divider.default\">\n\t\t\t\t\t\t\t<div class=\"elementor-divider\">\n\t\t\t<span class=\"elementor-divider-separator\">\n\t\t\t\t\t\t<\/span>\n\t\t<\/div>\n\t\t\t\t\t\t<\/div>\n\t\t\t\t\t<\/div>\n\t\t\t\t<\/div>\n\t\t<div class=\"elementor-element elementor-element-9785739 animated-slow e-flex e-con-boxed elementor-invisible e-con e-parent\" data-id=\"9785739\" data-element_type=\"container\" data-e-type=\"container\" data-settings=\"{&quot;animation&quot;:&quot;slideInUp&quot;,&quot;animation_delay&quot;:400}\">\n\t\t\t\t\t<div class=\"e-con-inner\">\n\t\t\t\t<div class=\"elementor-element elementor-element-df6f72b elementor-widget elementor-widget-image\" data-id=\"df6f72b\" data-element_type=\"widget\" data-e-type=\"widget\" data-widget_type=\"image.default\">\n\t\t\t\t\t\t\t\t\t\t\t\t<figure class=\"wp-caption\">\n\t\t\t\t\t\t\t\t\t\t<img loading=\"lazy\" decoding=\"async\" width=\"1024\" height=\"576\" src=\"https:\/\/lebensraum-oberlaa.at\/wp-content\/uploads\/2025\/10\/rettet-oberlaa-luft-1024x576.jpg\" class=\"attachment-large size-large wp-image-94\" alt=\"\" srcset=\"https:\/\/lebensraum-oberlaa.at\/wp-content\/uploads\/2025\/10\/rettet-oberlaa-luft-1024x576.jpg 1024w, https:\/\/lebensraum-oberlaa.at\/wp-content\/uploads\/2025\/10\/rettet-oberlaa-luft-300x169.jpg 300w, https:\/\/lebensraum-oberlaa.at\/wp-content\/uploads\/2025\/10\/rettet-oberlaa-luft-768x432.jpg 768w, https:\/\/lebensraum-oberlaa.at\/wp-content\/uploads\/2025\/10\/rettet-oberlaa-luft.jpg 1467w\" sizes=\"(max-width: 1024px) 100vw, 1024px\" \/>\t\t\t\t\t\t\t\t\t\t\t<figcaption class=\"widget-image-caption wp-caption-text\">Auf der gro\u00dfen rot markierten Fl\u00e4che ist eine massive Verbauung in Planung \u00e4hnlich der Seestadt in Aspern. Die blauen Fl\u00e4chen sind m\u00f6gliche Verbauungsfl\u00e4chen, die schon teilweise im Eigentum von Genossenschaften\/Bautr\u00e4gern sind.<\/figcaption>\n\t\t\t\t\t\t\t\t\t\t<\/figure>\n\t\t\t\t\t\t\t\t\t<\/div>\n\t\t\t\t\t<\/div>\n\t\t\t\t<\/div>\n\t\t\t\t<\/div>\n\t\t","protected":false},"excerpt":{"rendered":"<p>Soll es so weiter gehen? Seit der Verl\u00e4ngerung der U1 nach Oberlaa gibt es Stadtentwicklungspl\u00e4ne, mit denen das gesamte Gebiet rund um das immer noch d\u00f6rflich gepr\u00e4gte Oberlaa radikal ver\u00e4ndert werden soll. Felder, Wiesen und sogar als Parklandschaft gewidmete Fl\u00e4chen sollen verbaut werden, direkt am Kurpark sollen in Zukunft Wohnt\u00fcrme stehen. Wollen wir das? Wollen [&hellip;]<\/p>\n","protected":false},"author":1,"featured_media":0,"parent":0,"menu_order":0,"comment_status":"closed","ping_status":"closed","template":"","meta":{"footnotes":""},"class_list":["post-85","page","type-page","status-publish","hentry"],"blocksy_meta":[],"_links":{"self":[{"href":"https:\/\/lebensraum-oberlaa.at\/index.php\/wp-json\/wp\/v2\/pages\/85","targetHints":{"allow":["GET"]}}],"collection":[{"href":"https:\/\/lebensraum-oberlaa.at\/index.php\/wp-json\/wp\/v2\/pages"}],"about":[{"href":"https:\/\/lebensraum-oberlaa.at\/index.php\/wp-json\/wp\/v2\/types\/page"}],"author":[{"embeddable":true,"href":"https:\/\/lebensraum-oberlaa.at\/index.php\/wp-json\/wp\/v2\/users\/1"}],"replies":[{"embeddable":true,"href":"https:\/\/lebensraum-oberlaa.at\/index.php\/wp-json\/wp\/v2\/comments?post=85"}],"version-history":[{"count":23,"href":"https:\/\/lebensraum-oberlaa.at\/index.php\/wp-json\/wp\/v2\/pages\/85\/revisions"}],"predecessor-version":[{"id":813,"href":"https:\/\/lebensraum-oberlaa.at\/index.php\/wp-json\/wp\/v2\/pages\/85\/revisions\/813"}],"wp:attachment":[{"href":"https:\/\/lebensraum-oberlaa.at\/index.php\/wp-json\/wp\/v2\/media?parent=85"}],"curies":[{"name":"wp","href":"https:\/\/api.w.org\/{rel}","templated":true}]}}