{"id":87,"date":"2025-10-20T18:24:52","date_gmt":"2025-10-20T18:24:52","guid":{"rendered":"https:\/\/lebensraum-oberlaa.at\/?page_id=87"},"modified":"2025-10-21T06:34:29","modified_gmt":"2025-10-21T06:34:29","slug":"retten-wir-gemeinsam","status":"publish","type":"page","link":"https:\/\/lebensraum-oberlaa.at\/index.php\/retten-wir-gemeinsam\/","title":{"rendered":"Retten wir gemeinsam"},"content":{"rendered":"\t\t<div data-elementor-type=\"wp-page\" data-elementor-id=\"87\" class=\"elementor elementor-87\">\n\t\t\t\t<div class=\"elementor-element elementor-element-87070bd animated-slow e-flex e-con-boxed elementor-invisible e-con e-parent\" data-id=\"87070bd\" data-element_type=\"container\" data-e-type=\"container\" data-settings=\"{&quot;animation&quot;:&quot;slideInUp&quot;,&quot;animation_delay&quot;:200}\">\n\t\t\t\t\t<div class=\"e-con-inner\">\n\t\t\t\t<div class=\"elementor-element elementor-element-0b339be elementor-widget elementor-widget-heading\" data-id=\"0b339be\" data-element_type=\"widget\" data-e-type=\"widget\" data-widget_type=\"heading.default\">\n\t\t\t\t\t<h4 class=\"elementor-heading-title elementor-size-default\">Retten wir gemeinsam unser Naherholungsgebiet Oberlaa im S\u00fcden Wiens!<\/h4>\t\t\t\t<\/div>\n\t\t\t\t\t<\/div>\n\t\t\t\t<\/div>\n\t\t<div class=\"elementor-element elementor-element-f72c6ec animated-slow e-flex e-con-boxed elementor-invisible e-con e-parent\" data-id=\"f72c6ec\" data-element_type=\"container\" data-e-type=\"container\" data-settings=\"{&quot;animation&quot;:&quot;slideInUp&quot;,&quot;animation_delay&quot;:400}\">\n\t\t\t\t\t<div class=\"e-con-inner\">\n\t\t<div class=\"elementor-element elementor-element-db4a61e e-con-full e-flex e-con e-child\" data-id=\"db4a61e\" data-element_type=\"container\" data-e-type=\"container\">\n\t\t\t\t<div class=\"elementor-element elementor-element-34783e8 elementor-widget elementor-widget-text-editor\" data-id=\"34783e8\" data-element_type=\"widget\" data-e-type=\"widget\" data-widget_type=\"text-editor.default\">\n\t\t\t\t\t\t\t\t\t<p>Viele Bewohner machen sich gro\u00dfe Sorgen!<\/p><p>Seit der Verl\u00e4ngerung der U1 im letzten Jahr gibt es Pl\u00e4ne der Wiener Stadtregierung, die die Zukunft unserer noch immer sehr d\u00f6rflichen Gebiete Oberlaa, Unterlaa und Rothneusiedl mit all ihren Feldern, Wiesen und Weing\u00e4rten, mit der Therme und dem Kurpark nicht gerade rosig aussehen lassen. Im Gegenteil: Es werden nach und nach landwirtschaftliche Fl\u00e4chen aufgekauft und umgewidmet, es wird geplant und gebaut, und zwar in Dimensionen, die in keiner Relation zu dem in vielen Jahrhunderten gewachsenen und von unseren Bauern gehegten und gepflegten Lebensraum stehen. Dabei wird darauf vergessen, dass sie es sind, denen wir unsere sch\u00f6ne l\u00e4ndliche Gegend und den Anbau regionaler Lebensmittel zu verdanken haben \u2013 ein Lebensraum, den Jung und Alt genie\u00dfen und der der Wiener Bev\u00f6lkerung aus allen Bezirken zur Erholung dient.<\/p><p>Zwei Projekte, die uns aktuell Kopfzerbrechen bereiteten, sind \u201eWohnen am Kurpark\u201c und \u201eAn der Kuhtrift\u201c: Beim ersten sind 750 Wohneinheiten in ca. 20 Wohnbl\u00f6cken mit einer H\u00f6he von bis zu 26 Metern beim Eingang zum Kurpark Oberlaa geplant, beim zweiten f\u00fcnf Hochhaust\u00fcrme bis zu 30 Meter H\u00f6he direkt beim U1-Ausgang an der Laaerbergstra\u00dfe.<\/p><p>Man gewinnt den Eindruck, dass Architekten planen, ohne jemals Kontakt mit der \u00f6rtlichen Bev\u00f6lkerung aufgenommen zu haben. Sie planen f\u00fcr Baufirmen, nicht f\u00fcr Menschen, und als H\u00f6henreferenz nehmen sie das ehemalige Airo Tower Hotel, einen Schandfleck aus den 1970er Jahren mit 55 Metern H\u00f6he und das einzige Hochhaus weit und breit. Nur 300 Meter s\u00fcdlich davon beginnt \u00fcbrigens eine Schutzzone zur Erhaltung des d\u00f6rflichen Charakters mit strengen Vorschriften und erlaubten Bauh\u00f6hen von maximal 7,50 Metern. Wollen wir wirklich 30 Meter hohe Wohnbl\u00f6cke in Dorfn\u00e4he, zwischen Feldern und inmitten eines Naherholungsgebiets?<\/p><p>Retten wir den l\u00e4ndlichen Raum und die d\u00f6rflichen Strukturen am Rande unserer Stadt! Retten wir gemeinsam unser Naherholungsgebiet im S\u00fcden Wiens!<\/p><p>Unterst\u00fctzen Sie unsere Petition und werden Sie Mitglied bei unserer Initiative Lebensraum Oberlaa!<\/p><p><strong>Machen wir gemeinsam den Kurpark und Oberlaa zu einer Oase der Erholung f\u00fcr alle.<\/strong><\/p>\t\t\t\t\t\t\t\t<\/div>\n\t\t\t\t<\/div>\n\t\t<div class=\"elementor-element elementor-element-897eb41 e-con-full e-flex e-con e-child\" data-id=\"897eb41\" data-element_type=\"container\" data-e-type=\"container\">\n\t\t\t\t<div class=\"elementor-element elementor-element-f2de901 elementor-widget elementor-widget-image\" data-id=\"f2de901\" data-element_type=\"widget\" data-e-type=\"widget\" data-widget_type=\"image.default\">\n\t\t\t\t\t\t\t\t\t\t\t\t\t\t\t<img fetchpriority=\"high\" decoding=\"async\" width=\"1024\" height=\"576\" src=\"https:\/\/lebensraum-oberlaa.at\/wp-content\/uploads\/2025\/10\/rettet-oberlaa-tower-1024x576.jpg\" class=\"attachment-large size-large wp-image-190\" alt=\"\" srcset=\"https:\/\/lebensraum-oberlaa.at\/wp-content\/uploads\/2025\/10\/rettet-oberlaa-tower-1024x576.jpg 1024w, https:\/\/lebensraum-oberlaa.at\/wp-content\/uploads\/2025\/10\/rettet-oberlaa-tower-300x169.jpg 300w, https:\/\/lebensraum-oberlaa.at\/wp-content\/uploads\/2025\/10\/rettet-oberlaa-tower-768x432.jpg 768w, https:\/\/lebensraum-oberlaa.at\/wp-content\/uploads\/2025\/10\/rettet-oberlaa-tower-1536x864.jpg 1536w, https:\/\/lebensraum-oberlaa.at\/wp-content\/uploads\/2025\/10\/rettet-oberlaa-tower.jpg 2048w\" sizes=\"(max-width: 1024px) 100vw, 1024px\" \/>\t\t\t\t\t\t\t\t\t\t\t\t\t\t\t<\/div>\n\t\t\t\t<\/div>\n\t\t\t\t\t<\/div>\n\t\t\t\t<\/div>\n\t\t\t\t<\/div>\n\t\t","protected":false},"excerpt":{"rendered":"<p>Retten wir gemeinsam unser Naherholungsgebiet Oberlaa im S\u00fcden Wiens! Viele Bewohner machen sich gro\u00dfe Sorgen! Seit der Verl\u00e4ngerung der U1 im letzten Jahr gibt es Pl\u00e4ne der Wiener Stadtregierung, die die Zukunft unserer noch immer sehr d\u00f6rflichen Gebiete Oberlaa, Unterlaa und Rothneusiedl mit all ihren Feldern, Wiesen und Weing\u00e4rten, mit der Therme und dem Kurpark [&hellip;]<\/p>\n","protected":false},"author":1,"featured_media":0,"parent":0,"menu_order":0,"comment_status":"closed","ping_status":"closed","template":"","meta":{"footnotes":""},"class_list":["post-87","page","type-page","status-publish","hentry"],"blocksy_meta":[],"_links":{"self":[{"href":"https:\/\/lebensraum-oberlaa.at\/index.php\/wp-json\/wp\/v2\/pages\/87","targetHints":{"allow":["GET"]}}],"collection":[{"href":"https:\/\/lebensraum-oberlaa.at\/index.php\/wp-json\/wp\/v2\/pages"}],"about":[{"href":"https:\/\/lebensraum-oberlaa.at\/index.php\/wp-json\/wp\/v2\/types\/page"}],"author":[{"embeddable":true,"href":"https:\/\/lebensraum-oberlaa.at\/index.php\/wp-json\/wp\/v2\/users\/1"}],"replies":[{"embeddable":true,"href":"https:\/\/lebensraum-oberlaa.at\/index.php\/wp-json\/wp\/v2\/comments?post=87"}],"version-history":[{"count":10,"href":"https:\/\/lebensraum-oberlaa.at\/index.php\/wp-json\/wp\/v2\/pages\/87\/revisions"}],"predecessor-version":[{"id":287,"href":"https:\/\/lebensraum-oberlaa.at\/index.php\/wp-json\/wp\/v2\/pages\/87\/revisions\/287"}],"wp:attachment":[{"href":"https:\/\/lebensraum-oberlaa.at\/index.php\/wp-json\/wp\/v2\/media?parent=87"}],"curies":[{"name":"wp","href":"https:\/\/api.w.org\/{rel}","templated":true}]}}