{"id":91,"date":"2025-10-20T18:35:09","date_gmt":"2025-10-20T18:35:09","guid":{"rendered":"https:\/\/lebensraum-oberlaa.at\/?page_id=91"},"modified":"2025-10-21T10:44:35","modified_gmt":"2025-10-21T10:44:35","slug":"impressum","status":"publish","type":"page","link":"https:\/\/lebensraum-oberlaa.at\/index.php\/impressum\/","title":{"rendered":"Impressum"},"content":{"rendered":"\t\t<div data-elementor-type=\"wp-page\" data-elementor-id=\"91\" class=\"elementor elementor-91\">\n\t\t\t\t<div class=\"elementor-element elementor-element-e513e1b e-flex e-con-boxed e-con e-parent\" data-id=\"e513e1b\" data-element_type=\"container\" data-e-type=\"container\">\n\t\t\t\t\t<div class=\"e-con-inner\">\n\t\t\t\t<div class=\"elementor-element elementor-element-516fe8c elementor-widget elementor-widget-text-editor\" data-id=\"516fe8c\" data-element_type=\"widget\" data-e-type=\"widget\" data-widget_type=\"text-editor.default\">\n\t\t\t\t\t\t\t\t\t<h4>Impressum<\/h4><p>Informationspflicht laut \u00a75 E-Commerce Gesetz, \u00a714 Unternehmensgesetzbuch, \u00a763 Gewerbeordnung und Offenlegungspflicht laut \u00a725 Mediengesetz.<\/p><p>Initiative Lebensraum Oberlaa <br \/>ZVR: 1394035096<br \/>Bankverbindung: AT24 2011 1840 4543 0900<\/p><p>Obmann: DI Hans Maad<br \/>Obmann Stv. Ing. Wolfgang Starkmann<\/p><p>Social Media Team<br \/>Birgit Geher<br \/>Christian Fink<\/p><p>1100 Wien<\/p><p>email: info@lebensraum-oberlaa.at<\/p><h5>Datenschutzerkl\u00e4rung<\/h5><p><strong>Datenschutz<\/strong><\/p><p>Die Betreiber dieser Seiten nehmen den Schutz Ihrer pers\u00f6nlichen Daten sehr ernst. Wir behandeln Ihre personenbezogenen Daten vertraulich und entsprechend der gesetzlichen Datenschutzvorschriften sowie dieser Datenschutzerkl\u00e4rung.<\/p><p>Die Nutzung unserer Webseite ist in der Regel ohne Angabe personenbezogener Daten m\u00f6glich. Soweit auf unseren Seiten personenbezogene Daten (beispielsweise Name, Anschrift oder E-Mail-Adressen) erhoben werden, erfolgt dies, soweit m\u00f6glich, stets auf freiwilliger Basis. Diese Daten werden ohne Ihre ausdr\u00fcckliche Zustimmung nicht an Dritte weitergegeben.<\/p><p>Wir weisen darauf hin, dass die Daten\u00fcbertragung im Internet (z.B. bei der Kommunikation per E-Mail) Sicherheitsl\u00fccken aufweisen kann. Ein l\u00fcckenloser Schutz der Daten vor dem Zugriff durch Dritte ist nicht m\u00f6glich.<\/p><p><strong>Links<\/strong><\/p><p>Trotz sorgf\u00e4ltiger inhaltlicher Kontrolle \u00fcbernehmen wir keine Haftung f\u00fcr die Inhalte externer Links. F\u00fcr den Inhalt der verlinkten Seiten sind ausschlie\u00dflich deren Betreiber verantwortlich.Diese Erkl\u00e4rung gilt f\u00fcr alle heute und zuk\u00fcnftig auf dieser Website angebrachten Links und f\u00fcr alle Inhalte der Seiten.<\/p><p><strong>Kontaktformular<\/strong><\/p><p>Wenn Sie uns per Kontaktformular Anfragen zukommen lassen, werden Ihre Angaben aus dem Anfrageformular inklusive der von Ihnen dort angegebenen Kontaktdaten zwecks Bearbeitung der Anfrage und f\u00fcr den Fall von Anschlussfragen bei uns gespeichert. Diese Daten geben wir nicht ohne Ihre Einwilligung weiter.<\/p><p><strong>Newsletter<\/strong><\/p><p>Sie haben die M\u00f6glichkeit, \u00fcber unsere Website unseren Newsletter zu abonnieren. Hierf\u00fcr ben\u00f6tigen wir Ihre E-Mail-Adresse und ihre Erkl\u00e4rung, dass Sie mit dem Bezug des Newsletters einverstanden sind.<\/p><p>Das Abo des Newsletters k\u00f6nnen Sie jederzeit wieder abbestellen. Wir l\u00f6schen anschlie\u00dfend umgehend Ihre Daten im Zusammenhang mit dem Newsletter-Versand. Durch diesen Widerruf wird die Rechtm\u00e4\u00dfigkeit der aufgrund der Zustimmung bis zum Widerruf erfolgten Verarbeitung nicht ber\u00fchrt.<\/p><p><strong>Verwendung von Cookies<\/strong><\/p><p>Unsere Website verwendet sogenannte \u201eCookies\u201c. Dabei handelt es sich um kleine Textdateien, die auf deinem Endger\u00e4t gespeichert werden und bestimmte Informationen enthalten. Cookies dienen dazu, unsere Website nutzerfreundlicher, effektiver und sicherer zu machen.<\/p><p>Die meisten der von uns verwendeten Cookies sind so genannte \u201eSession-Cookies\u201c. Sie werden nach Ende Ihres Besuchs automatisch gel\u00f6scht. Andere Cookies bleiben auf Ihrem Endger\u00e4t gespeichert, bis Sie diese l\u00f6schen. Diese Cookies erm\u00f6glichen es uns, Ihren Browser beim n\u00e4chsten Besuch wiederzuerkennen.<\/p><p>Sie k\u00f6nnen Ihren Browser so einstellen, dass Sie \u00fcber das Setzen von Cookies informiert werden und Cookies nur im Einzelfall erlauben, die Annahme von Cookies f\u00fcr bestimmte F\u00e4lle oder generell ausschlie\u00dfen sowie das automatische L\u00f6schen der Cookies beim Schlie\u00dfen des Browser aktivieren. Bei der Deaktivierung von Cookies kann die Funktionalit\u00e4t dieser Website eingeschr\u00e4nkt sein.<\/p><p><strong>Verwendung von Cloudflare Turnstile<\/strong><\/p><p>Wir verwenden auf unserer Website \u201eCloudflare Turnstile\u201c, einen Dienst der Cloudflare Inc., 101 Townsend St, San Francisco, CA 94107, USA. Cloudflare Turnstile dient der Unterscheidung zwischen menschlichen Nutzern und Bots, um die Sicherheit unserer Website zu erh\u00f6hen und Spam zu vermeiden.<\/p><p><strong>Funktionsweise und Datenverarbeitung<\/strong><\/p><p>Cloudflare Turnstile analysiert verschiedene technische Merkmale, um festzustellen, ob ein Besucher ein Mensch ist. Dazu k\u00f6nnen unter anderem folgende Daten verarbeitet werden:<\/p><ul><li><p>IP-Adresse des Besuchers<\/p><\/li><li><p>Mausbewegungen und Interaktionen auf der Seite<\/p><\/li><li><p>Verweildauer und Verhalten auf der Website<\/p><\/li><li><p>Informationen zum verwendeten Browser und Betriebssystem<\/p><\/li><\/ul><p>Die Verarbeitung erfolgt automatisch im Hintergrund, ohne dass der Nutzer aktiv ein CAPTCHA l\u00f6sen muss. Cloudflare verspricht, nur die minimal notwendigen Daten zu verarbeiten und keine personenbezogenen Daten f\u00fcr andere Zwecke zu verwenden<\/p>\t\t\t\t\t\t\t\t<\/div>\n\t\t\t\t\t<\/div>\n\t\t\t\t<\/div>\n\t\t\t\t<\/div>\n\t\t","protected":false},"excerpt":{"rendered":"<p>Impressum Informationspflicht laut \u00a75 E-Commerce Gesetz, \u00a714 Unternehmensgesetzbuch, \u00a763 Gewerbeordnung und Offenlegungspflicht laut \u00a725 Mediengesetz. Initiative Lebensraum Oberlaa ZVR: 1394035096Bankverbindung: AT24 2011 1840 4543 0900 Obmann: DI Hans MaadObmann Stv. Ing. Wolfgang Starkmann Social Media TeamBirgit GeherChristian Fink 1100 Wien email: info@lebensraum-oberlaa.at Datenschutzerkl\u00e4rung Datenschutz Die Betreiber dieser Seiten nehmen den Schutz Ihrer pers\u00f6nlichen Daten sehr [&hellip;]<\/p>\n","protected":false},"author":1,"featured_media":0,"parent":0,"menu_order":0,"comment_status":"closed","ping_status":"closed","template":"","meta":{"footnotes":""},"class_list":["post-91","page","type-page","status-publish","hentry"],"blocksy_meta":[],"_links":{"self":[{"href":"https:\/\/lebensraum-oberlaa.at\/index.php\/wp-json\/wp\/v2\/pages\/91","targetHints":{"allow":["GET"]}}],"collection":[{"href":"https:\/\/lebensraum-oberlaa.at\/index.php\/wp-json\/wp\/v2\/pages"}],"about":[{"href":"https:\/\/lebensraum-oberlaa.at\/index.php\/wp-json\/wp\/v2\/types\/page"}],"author":[{"embeddable":true,"href":"https:\/\/lebensraum-oberlaa.at\/index.php\/wp-json\/wp\/v2\/users\/1"}],"replies":[{"embeddable":true,"href":"https:\/\/lebensraum-oberlaa.at\/index.php\/wp-json\/wp\/v2\/comments?post=91"}],"version-history":[{"count":19,"href":"https:\/\/lebensraum-oberlaa.at\/index.php\/wp-json\/wp\/v2\/pages\/91\/revisions"}],"predecessor-version":[{"id":355,"href":"https:\/\/lebensraum-oberlaa.at\/index.php\/wp-json\/wp\/v2\/pages\/91\/revisions\/355"}],"wp:attachment":[{"href":"https:\/\/lebensraum-oberlaa.at\/index.php\/wp-json\/wp\/v2\/media?parent=91"}],"curies":[{"name":"wp","href":"https:\/\/api.w.org\/{rel}","templated":true}]}}